{"id":644,"date":"2026-02-01T20:15:19","date_gmt":"2026-02-01T12:15:19","guid":{"rendered":"https:\/\/vastpe.com\/?page_id=644"},"modified":"2026-02-01T20:15:19","modified_gmt":"2026-02-01T12:15:19","slug":"accessibility","status":"publish","type":"page","link":"https:\/\/vastpe.com\/de\/accessibility\/","title":{"rendered":"Barrierefreiheit"},"content":{"rendered":"<h1 class=\"wp-block-heading\">Barrierefreiheits-Erkl\u00e4rung<\/h1>\n\n\n\n<p><strong>Zuletzt aktualisiert: Januar 2026<\/strong><\/p>\n\n\n\n<p>Dongying Vastpce Casting Equipment Co., Ltd. (\u201c<strong>Vastpce<\/strong>\u201d, \u201c<strong>we<\/strong>\u201d, \u201c<strong>unser<\/strong>\u201d, oder \u201c<strong>us<\/strong>\u201d) verpflichtet sich sicherzustellen, dass unsere Website allen Nutzern zug\u00e4nglich ist, unabh\u00e4ngig von F\u00e4higkeiten, Technologie oder Umst\u00e4nden. Wir arbeiten kontinuierlich daran, die Zug\u00e4nglichkeit und Nutzbarkeit unserer Website zu verbessern <strong><a href=\"https:\/\/vastpe.com\/de\/\">https:\/\/vastpe.com<\/a><\/strong> damit jeder Informationen \u00fcber unsere Pr\u00e4zisionsgussanlagen und automatisierten L\u00f6sungen abrufen kann.<\/p>\n\n\n\n<hr class=\"wp-block-separator has-alpha-channel-opacity\"\/>\n\n\n\n<h2 class=\"wp-block-heading\">Unser Engagement f\u00fcr Barrierefreiheit<\/h2>\n\n\n\n<p>Wir bem\u00fchen uns, unsere Website inklusiv und einfach zu bedienen f\u00fcr das m\u00f6glichst breite Publikum zu gestalten, einschlie\u00dflich Nutzern mit visuellen, auditiven, kognitiven oder motorischen Beeintr\u00e4chtigungen. Unser Ziel ist es, anerkannte Web-Standards und Best Practices der Barrierefreiheit zu befolgen und gleichzeitig ein reibungsloses Browsing-Erlebnis \u00fcber Ger\u00e4te und Plattformen hinweg zu bieten.<\/p>\n\n\n\n<hr class=\"wp-block-separator has-alpha-channel-opacity\"\/>\n\n\n\n<h2 class=\"wp-block-heading\">Barrierefreiheitsstandards und -richtlinien<\/h2>\n\n\n\n<p>Unsere Website wird unter Ber\u00fccksichtigung folgender Aspekte entwickelt:<\/p>\n\n\n\n<ul class=\"wp-block-list\">\n<li>Web Content Accessibility Guidelines (WCAG)<\/li>\n\n\n\n<li>Internationale Webstandards und semantische HTML-Praktiken<\/li>\n\n\n\n<li>Kompatibilit\u00e4t mit Bildschirmlesern und Hilfstechnologien<\/li>\n<\/ul>\n\n\n\n<p>Wir \u00fcberpr\u00fcfen und verbessern unsere Website regelm\u00e4\u00dfig, um Barrierefreiheit und Nutzbarkeit zu erh\u00f6hen.<\/p>\n\n\n\n<hr class=\"wp-block-separator has-alpha-channel-opacity\"\/>\n\n\n\n<h2 class=\"wp-block-heading\">Ma\u00dfnahmen, die wir zur Unterst\u00fctzung der Barrierefreiheit ergreifen<\/h2>\n\n\n\n<p>Unser fortlaufendes Barrierefreiheitsstreben umfasst, aber ist nicht beschr\u00e4nkt auf:<\/p>\n\n\n\n<ul class=\"wp-block-list\">\n<li>Verwendung klarer, semantischer HTML-Markups, um sicherzustellen, dass Inhalte von Hilfstechnologien korrekt interpretiert werden<\/li>\n\n\n\n<li>Aufrechterhaltung eines konsistenten Layouts und einer logischen Navigationsstruktur \u00fcber die gesamte Website<\/li>\n\n\n\n<li>Anwendung geeigneter \u00dcberschriften-Hierarchien zur Verbesserung der Lesbarkeit und des Inhaltsflusses<\/li>\n\n\n\n<li>Sicherstellung ausreichenden Kontrasts zwischen Text und Hintergrundelementen<\/li>\n\n\n\n<li>Verfassen klarer, pr\u00e4gnanter und leicht verst\u00e4ndlicher Inhalte<\/li>\n\n\n\n<li>Gestaltung responsiver Layouts, die sich an Desktop-, Tablet- und Mobilger\u00e4te anpassen<\/li>\n\n\n\n<li>Tabellen nur f\u00fcr strukturierte Daten verwenden, nicht f\u00fcr visuelles Layout<\/li>\n\n\n\n<li>Sicherstellen, dass Links und Buttons sinnvoll und beschreibend sind<\/li>\n<\/ul>\n\n\n\n<p>Wo JavaScript verwendet wird, ist es so implementiert, dass es die Kerninhalte und Funktionen m\u00f6glichst wenig beeintr\u00e4chtigt.<\/p>\n\n\n\n<hr class=\"wp-block-separator has-alpha-channel-opacity\"\/>\n\n\n\n<h2 class=\"wp-block-heading\">Fortlaufende Verbesserungen<\/h2>\n\n\n\n<p>Barrierefreiheit ist ein laufender Prozess. Wenn sich unsere Website weiterentwickelt, bewerten und verbessern wir kontinuierlich Inhalte, Struktur und technische Implementierung, um den Bed\u00fcrfnissen eines diversen globalen Publikums gerecht zu werden.<\/p>\n\n\n\n<p>Wenn wir Barrierefreiheitsprobleme feststellen oder Feedback erhalten, streben wir an, diese in zuk\u00fcnftigen Aktualisierungen anzugehen.<\/p>\n\n\n\n<hr class=\"wp-block-separator has-alpha-channel-opacity\"\/>\n\n\n\n<h2 class=\"wp-block-heading\">Einschr\u00e4nkungen und Kompatibilit\u00e4t<\/h2>\n\n\n\n<p>Obwohl wir bestrebt sind, alle Bereiche unserer Website barrierefrei zu gestalten, erf\u00fcllen einige Inhalte oder Integrationen von Drittanbietern m\u00f6glicherweise nicht vollst\u00e4ndig die Barrierefreiheitsstandards. Wir arbeiten aktiv daran, derartige Barrieren wo m\u00f6glich zu erkennen und zu reduzieren.<\/p>\n\n\n\n<hr class=\"wp-block-separator has-alpha-channel-opacity\"\/>\n\n\n\n<h2 class=\"wp-block-heading\">Feedback und Unterst\u00fctzung<\/h2>\n\n\n\n<p>Wir begr\u00fc\u00dfen Feedback von Nutzern, die Schwierigkeiten haben, auf einen beliebigen Teil unserer Website zuzugreifen. Ihr Beitrag hilft uns, uns zu verbessern.<\/p>\n\n\n\n<p>Wenn Sie Barrierefreiheitsbarrieren feststellen oder Unterst\u00fctzung ben\u00f6tigen, kontaktieren Sie uns bitte:<\/p>\n\n\n\n<p><strong>Unternehmen:<\/strong> Dongying Vastpce Casting Equipment Co., Ltd.<br><strong>Adresse:<\/strong> No. 1118 Shengli Industrial Park, Dongying District, Dongying City, Shandong Province, China<br><strong>E-Mail:<\/strong> <a>vastpce@vastpe.com<\/a><br><strong>WhatsApp:<\/strong> +86 133 4506 4499<\/p>\n\n\n\n<p>Wir werden angemessene Anstrengungen unternehmen, um die Barrierefreiheit wo m\u00f6glich zu verbessern und zu reagieren.<\/p>\n\n\n\n<hr class=\"wp-block-separator has-alpha-channel-opacity\"\/>\n\n\n\n<h2 class=\"wp-block-heading\">Barrierefreiheit und zuk\u00fcnftige Aktualisierungen<\/h2>\n\n\n\n<p>Diese Barrierefreiheitskl\u00e4rung kann periodisch aktualisiert werden, um Verbesserungen oder \u00c4nderungen an unserer Website widerzuspiegeln. Alle Aktualisierungen werden auf dieser Seite ver\u00f6ffentlicht.<\/p>","protected":false},"excerpt":{"rendered":"<p>Accessibility Statement Last Updated: January 2026 Dongying Vastpce Casting Equipment Co., Ltd. (\u201cVastpce\u201d, \u201cwe\u201d, \u201cour\u201d, or \u201cus\u201d) is committed to [&hellip;]<\/p>\n","protected":false},"author":3,"featured_media":0,"parent":0,"menu_order":0,"comment_status":"closed","ping_status":"closed","template":"","meta":{"site-sidebar-layout":"default","site-content-layout":"","ast-site-content-layout":"default","site-content-style":"default","site-sidebar-style":"default","ast-global-header-display":"","ast-banner-title-visibility":"","ast-main-header-display":"","ast-hfb-above-header-display":"","ast-hfb-below-header-display":"","ast-hfb-mobile-header-display":"","site-post-title":"","ast-breadcrumbs-content":"","ast-featured-img":"","footer-sml-layout":"","ast-disable-related-posts":"","theme-transparent-header-meta":"","adv-header-id-meta":"","stick-header-meta":"","header-above-stick-meta":"","header-main-stick-meta":"","header-below-stick-meta":"","astra-migrate-meta-layouts":"default","ast-page-background-enabled":"default","ast-page-background-meta":{"desktop":{"background-color":"var(--ast-global-color-5)","background-image":"","background-repeat":"repeat","background-position":"center center","background-size":"auto","background-attachment":"scroll","background-type":"","background-media":"","overlay-type":"","overlay-color":"","overlay-opacity":"","overlay-gradient":""},"tablet":{"background-color":"","background-image":"","background-repeat":"repeat","background-position":"center center","background-size":"auto","background-attachment":"scroll","background-type":"","background-media":"","overlay-type":"","overlay-color":"","overlay-opacity":"","overlay-gradient":""},"mobile":{"background-color":"","background-image":"","background-repeat":"repeat","background-position":"center center","background-size":"auto","background-attachment":"scroll","background-type":"","background-media":"","overlay-type":"","overlay-color":"","overlay-opacity":"","overlay-gradient":""}},"ast-content-background-meta":{"desktop":{"background-color":"var(--ast-global-color-4)","background-image":"","background-repeat":"repeat","background-position":"center center","background-size":"auto","background-attachment":"scroll","background-type":"","background-media":"","overlay-type":"","overlay-color":"","overlay-opacity":"","overlay-gradient":""},"tablet":{"background-color":"var(--ast-global-color-4)","background-image":"","background-repeat":"repeat","background-position":"center center","background-size":"auto","background-attachment":"scroll","background-type":"","background-media":"","overlay-type":"","overlay-color":"","overlay-opacity":"","overlay-gradient":""},"mobile":{"background-color":"var(--ast-global-color-4)","background-image":"","background-repeat":"repeat","background-position":"center center","background-size":"auto","background-attachment":"scroll","background-type":"","background-media":"","overlay-type":"","overlay-color":"","overlay-opacity":"","overlay-gradient":""}},"footnotes":""},"class_list":["post-644","page","type-page","status-publish","hentry"],"_links":{"self":[{"href":"https:\/\/vastpe.com\/de\/wp-json\/wp\/v2\/pages\/644","targetHints":{"allow":["GET"]}}],"collection":[{"href":"https:\/\/vastpe.com\/de\/wp-json\/wp\/v2\/pages"}],"about":[{"href":"https:\/\/vastpe.com\/de\/wp-json\/wp\/v2\/types\/page"}],"author":[{"embeddable":true,"href":"https:\/\/vastpe.com\/de\/wp-json\/wp\/v2\/users\/3"}],"replies":[{"embeddable":true,"href":"https:\/\/vastpe.com\/de\/wp-json\/wp\/v2\/comments?post=644"}],"version-history":[{"count":1,"href":"https:\/\/vastpe.com\/de\/wp-json\/wp\/v2\/pages\/644\/revisions"}],"predecessor-version":[{"id":645,"href":"https:\/\/vastpe.com\/de\/wp-json\/wp\/v2\/pages\/644\/revisions\/645"}],"wp:attachment":[{"href":"https:\/\/vastpe.com\/de\/wp-json\/wp\/v2\/media?parent=644"}],"curies":[{"name":"wp","href":"https:\/\/api.w.org\/{rel}","templated":true}]}}