{"id":1128,"date":"2026-05-04T16:59:42","date_gmt":"2026-05-04T08:59:42","guid":{"rendered":"https:\/\/vastpe.com\/?post_type=product&#038;p=1128"},"modified":"2026-05-04T17:01:42","modified_gmt":"2026-05-04T09:01:42","slug":"horizontal-intelligent-wax-injection-machine","status":"publish","type":"product","link":"https:\/\/vastpe.com\/de\/product\/horizontal-intelligent-wax-injection-machine\/","title":{"rendered":"Horizontale Intelligente Wachs Injection Maschine f\u00fcr Leichtmetall-Guss"},"content":{"rendered":"<h2>Next-Generation Horizontal Intelligent Wax Injection Machine<\/h2>\n<p>Kern der n\u00e4chsten Generation: Horizontale Intelligente Wachs-Injektionsmaschine <strong>Gie\u00dfprozess<\/strong>, In the demanding world of <strong>In der anspruchsvollen Welt von<\/strong> , the shift toward automation is no longer optional; it is a requirement for maintaining a competitive edge. Our <strong>Wachszuschluss-Gie\u00dfverfahren<\/strong> , der Schritt in Richtung Automatisierung ist nicht l\u00e4nger optional; er ist eine Voraussetzung, um eine wettbewerbsf\u00e4hige \u00dcberlegenheit zu wahren. Unsere.<\/p>\n<h3>horizontal intelligent wax injection machine<\/h3>\n<p>horizontale intelligente Wachs-Injektionsmaschine <strong>is designed to solve these exact pain points, bringing a new level of sophistication to the<\/strong> ist darauf ausgelegt, genau diese Probleme zu l\u00f6sen und eine neue Stufe der Raffinesse in die <strong>through advanced engineering and digital control.<\/strong>, durch fortschrittliche Technik und digitale Steuerung.<\/p>\n<h3>The Evolution of the Lost Wax Process<\/h3>\n<p>\u201cDie Entwicklung des verlorenen Wachsprozesses <strong>The move toward a<\/strong>, Der Schritt zu einem.<\/p>\n<ul>\n<li><strong>Pr\u00e4zisionssteuerung:<\/strong> Echtzeit-Anpassungen der Injektionsgeschwindigkeit und des Drucks.<\/li>\n<li><strong>Workflow-Automatisierung:<\/strong> Nahtlose Kommunikation zwischen dem <strong>Wachsformen-Injektionsmaschine<\/strong> und peripheren Roboter-Systemen.<\/li>\n<li><strong>Fehlerreduktion:<\/strong> Automatisierte Sensoren erkennen Anomalien sofort und verhindern die Produktion fehlerhafter Muster.<\/li>\n<\/ul>\n<h3>Vastpce: Entwickelt f\u00fcr Pr\u00e4zision und Haltbarkeit<\/h3>\n<p>Bei Vastpce verstehen wir, dass <strong>Industrielle Gie\u00dfereimaschinen<\/strong> sowohl leistungsstark als auch unglaublich robust sein m\u00fcssen. Unser Engagement f\u00fcr den Weltmarkt spiegelt sich in der Verarbeitungsqualit\u00e4t jedes <strong>Pr\u00e4zisions-Wachsinjektionsersatz<\/strong> den wir liefern. Wir konzentrieren uns auf schwerlasttaugliche Komponenten und verfeinerte Hydrauliksysteme, um sicherzustellen, dass unsere <strong>Investitionsguss-Muster-Ausr\u00fcstung<\/strong> unter den anspruchsvollsten Produktionspl\u00e4nen konsistente Ergebnisse liefert. Wir bieten nicht nur eine Maschine; wir bieten eine langfristige L\u00f6sung f\u00fcr hochwertige <strong>Wachsmusterherstellung<\/strong>.<\/p>\n<h2>Kernfunktionen unserer horizontalen intelligenten Wachsinjektionsmaschine<\/h2>\n<p>Wir konzipieren unsere <strong>In der anspruchsvollen Welt von<\/strong> um die Pr\u00e4zision in der Investitionsgussbranche neu zu definieren. Durch die Kombination eines robusten mechanischen Designs mit fortschrittlicher Automatisierung stellen wir sicher, dass jedes Wachsmuster h\u00f6chsten Qualit\u00e4tsstandards entspricht. Unser <a href=\"https:\/\/vastpe.com\/de\/about-us\/technical-advantages\/\">technischen Vorteile<\/a> Schwerpunkt liegt darauf, einen stabilen, reproduzierbaren Prozess zu bieten, der Abfall minimiert und Durchsatz maximiert.<\/p>\n<p><img loading=\"lazy\" decoding=\"async\" class=\"alignnone wp-image-1130 size-full\" src=\"https:\/\/vastpe.com\/wp-content\/uploads\/2026\/05\/Core-Features-of-Our-Horizontal-Intelligent-Wax-Injection-Machine.webp\" alt=\"Kernfunktionen unserer horizontalen intelligenten Wachsinjektionsmaschine\" width=\"800\" height=\"562\" srcset=\"https:\/\/vastpe.com\/wp-content\/uploads\/2026\/05\/Core-Features-of-Our-Horizontal-Intelligent-Wax-Injection-Machine.webp 800w, https:\/\/vastpe.com\/wp-content\/uploads\/2026\/05\/Core-Features-of-Our-Horizontal-Intelligent-Wax-Injection-Machine-300x211.webp 300w, https:\/\/vastpe.com\/wp-content\/uploads\/2026\/05\/Core-Features-of-Our-Horizontal-Intelligent-Wax-Injection-Machine-768x540.webp 768w, https:\/\/vastpe.com\/wp-content\/uploads\/2026\/05\/Core-Features-of-Our-Horizontal-Intelligent-Wax-Injection-Machine-18x12.webp 18w, https:\/\/vastpe.com\/wp-content\/uploads\/2026\/05\/Core-Features-of-Our-Horizontal-Intelligent-Wax-Injection-Machine-600x422.webp 600w\" sizes=\"auto, (max-width: 800px) 100vw, 800px\" \/><\/p>\n<h3>Intelligentes SPS-Steuerungssystem<\/h3>\n<p>Das Herzst\u00fcck von unserem <strong>through advanced engineering and digital control.<\/strong> ist eine Hochleistungs- <strong>The move toward a<\/strong> Schnittstelle. Dieses System erm\u00f6glicht die Echtzeit\u00fcberwachung aller kritischen Parameter, einschlie\u00dflich Einspritzgeschwindigkeit, Druck und Zyklenzeiten. Bediener k\u00f6nnen mehrere Formgl\u00e4ser speichern, um konsistente Ergebnisse \u00fcber verschiedene Produktionsl\u00e4ufe hinweg ohne manuelle Neukalibrierung sicherzustellen.<\/p>\n<h3>Horizontale Spannungen und Stabilit\u00e4t<\/h3>\n<p>Die <strong>horizontaler Spannemechanismus<\/strong> ist auf maximale Formstabilit\u00e4t ausgelegt. Im Gegensatz zu vertikalen Setups erm\u00f6glicht diese Konfiguration einen einfacheren Zugriff bei gro\u00dfen oder schweren Formen und sorgt f\u00fcr eine gleichm\u00e4\u00dfige Druckverteilung entlang der Trennlinie. Diese Stabilit\u00e4t ist entscheidend, um enge Toleranzen zu gew\u00e4hrleisten und beim gepr\u00e4gten Muster Ausschuss zu verhindern.<\/p>\n<h3>Pr\u00e4zise Temperatur- und Druckregelung<\/h3>\n<p>Wir nutzen <strong>Zweistufen-Heizung<\/strong> zur Aufrechterhaltung der Wachsmasse bei ihrer optimalen Viskosit\u00e4t. Dies <strong>Pr\u00e4zisions-Wachsinjektionsersatz<\/strong> stellt sicher, dass der Wachs vom Tank bis zur D\u00fcse konstant temperiert bleibt und vorzeitige Erstarrung verhindert wird. In Kombination mit <strong>hoher Einspritzdruck-Stabilit\u00e4t<\/strong>, k\u00f6nnen unsere Maschinen komplexe Geometrien und Wandelemente mit d\u00fcnnen Wandst\u00e4rken m\u00fchelos ausf\u00fcllen, die herk\u00f6mmliche Einspritzer m\u00f6glicherweise schwer bew\u00e4ltigen.<\/p>\n<h3>Technische Leistungs\u00fcbersicht<\/h3>\n<table>\n<thead>\n<tr>\n<th style=\"text-align: left;\">Eigenschaft<\/th>\n<th style=\"text-align: left;\">Technischer Vorteil<\/th>\n<\/tr>\n<\/thead>\n<tbody>\n<tr>\n<td style=\"text-align: left;\"><strong>Intelligente SPS<\/strong><\/td>\n<td style=\"text-align: left;\">Echtzeit-Datenerfassung und Rezeptur-Speicherung<\/td>\n<\/tr>\n<tr>\n<td style=\"text-align: left;\"><strong>Horizontale Spanntechnik<\/strong><\/td>\n<td style=\"text-align: left;\">Verbesserte Formenausrichtung und einfache Installation<\/td>\n<\/tr>\n<tr>\n<td style=\"text-align: left;\"><strong>Zweistufen-Heizung<\/strong><\/td>\n<td style=\"text-align: left;\">Pr\u00e4zise Temperaturregelung f\u00fcr Wachs-Konsistenz<\/td>\n<\/tr>\n<tr>\n<td style=\"text-align: left;\"><strong>Hochdruckinjektion<\/strong><\/td>\n<td style=\"text-align: left;\">Zuverl\u00e4ssige F\u00fcllung komplexer, detaillierter Geometrien<\/td>\n<\/tr>\n<tr>\n<td style=\"text-align: left;\"><strong>Effiziente Hydraulik<\/strong><\/td>\n<td style=\"text-align: left;\">Reduzierter Energieverbrauch und geringere Ger\u00e4uschpegel<\/td>\n<\/tr>\n<\/tbody>\n<\/table>\n<p>Unsere <a href=\"https:\/\/vastpe.com\/de\/product\/hydraulic-wax-injection-machine\/\">Pr\u00e4zisionshydraulischer Wachs-Injektor<\/a> benutzt au\u00dferdem eine <strong>energieeffizientes Hydrauliksystem<\/strong>. Wir haben die Energiezufuhr optimiert, damit die Maschine w\u00e4hrend der Einspritz- und Spannphasen nur die notwendige Energie zieht, wodurch die Betriebskosten Ihrer Gusst\u00e4tte deutlich sinken. Dieser Fokus auf Effizienz macht unsere Ausr\u00fcstung zu einer nachhaltigen Wahl f\u00fcr Produktionsumgebungen mit hohem Volumen.<\/p>\n<h2>Technische Daten unserer Horizontalen Intelligenten Wachs-Injektionsmaschine<\/h2>\n<p>Wir fertigen unsere Ausr\u00fcstung, um den strengen Anforderungen moderner Gie\u00dfereien gerecht zu werden. Unsere <strong>In der anspruchsvollen Welt von<\/strong> bietet die Stabilit\u00e4t und Kraft, die f\u00fcr hochpr\u00e4zise Muster erforderlich sind. Unten sind die Kernparameter definiert, die unsere Leistungsstandards festlegen.<\/p>\n<h3>Schl\u00fcssel-Leistungsdaten<\/h3>\n<table>\n<thead>\n<tr>\n<th style=\"text-align: left;\">Eigenschaft<\/th>\n<th style=\"text-align: left;\">Technische Spezifikation<\/th>\n<\/tr>\n<\/thead>\n<tbody>\n<tr>\n<td style=\"text-align: left;\"><strong>Clampkraft<\/strong><\/td>\n<td style=\"text-align: left;\">10 Tonnen bis 100 Tonnen (verstellbar)<\/td>\n<\/tr>\n<tr>\n<td style=\"text-align: left;\"><strong>Spritzkapazit\u00e4t<\/strong><\/td>\n<td style=\"text-align: left;\">2L \/ 5L \/ 10L \/ 20L Optionen<\/td>\n<\/tr>\n<tr>\n<td style=\"text-align: left;\"><strong>Indruckbereich<\/strong><\/td>\n<td style=\"text-align: left;\">0,5 MPa \u2013 10,0 MPa<\/td>\n<\/tr>\n<tr>\n<td style=\"text-align: left;\"><strong>Wirk-\/sichtfl\u00e4che Plattenma\u00df (B x H)<\/strong><\/td>\n<td style=\"text-align: left;\">Bis zu 800 mm x 800 mm<\/td>\n<\/tr>\n<tr>\n<td style=\"text-align: left;\"><strong>Max.\/Min.-Formh\u00f6he<\/strong><\/td>\n<td style=\"text-align: left;\">150 mm \u2013 650 mm<\/td>\n<\/tr>\n<tr>\n<td style=\"text-align: left;\"><strong>Energieverbrauch<\/strong><\/td>\n<td style=\"text-align: left;\">7,5 kW \u2013 22 kW<\/td>\n<\/tr>\n<\/tbody>\n<\/table>\n<h3>Pr\u00e4zisions-Engineering-Standards<\/h3>\n<p>Unsere <strong>is designed to solve these exact pain points, bringing a new level of sophistication to the<\/strong> ist mit einer schweren Bauweise entworfen <strong>Schrumpfklammerungseinheit<\/strong> um das Ausspritz-\u00dcberlassen zu verhindern und die Ma\u00dfhaltigkeit zu sichern. Wir konzentrieren uns auf die folgenden Kernkennzahlen, um sicherzustellen, dass Ihre Produktion effizient bleibt:<\/p>\n<ul>\n<li><strong>Injektionsstabilit\u00e4t:<\/strong> Unter Verwendung eines <strong>vollautomatisches Wachs-Presssystem<\/strong> halten wir den Druckunterschied innerhalb von \u00b10,1 MPa.<\/li>\n<li><strong>Vielseitige Formkompatibilit\u00e4t:<\/strong> Die verstellbare Portalplatte und die H\u00f6henverstellung der Form erm\u00f6glichen eine breite Palette von <a href=\"https:\/\/vastpe.com\/de\/application\/wax-injection-machine-application\/\">Investitionsguss-Muster-Ausr\u00fcstung<\/a> bed\u00fcrfnisse.<\/li>\n<li><strong>Energieeffizienz:<\/strong> Optimierte Hydraulikschaltungen reduzieren den Energieverbrauch, w\u00e4hrend sie die <strong>hochdruckige Wachs-Injektion<\/strong> optimieren, die f\u00fcr komplexe Geometrien erforderlich ist.<\/li>\n<\/ul>\n<p>Indem Sie sich f\u00fcr unser <strong>Investitionsgie\u00dfanlagen-Equipment<\/strong>, entscheiden, erhalten Sie eine Maschine, die f\u00fcr den 24\/7-Industrieeinsatz ma\u00dfgeschneidert ist und \u00fcber die genaue Leistung und Kapazit\u00e4t verf\u00fcgt, die Ihre spezifischen Projekte erfordern. Ob Sie nun <a href=\"https:\/\/vastpe.com\/de\/paste-wax-vs-liquid-wax-injection\/\">Wachs-Paste vs. Wachs-Fl\u00fcssig-Injektion<\/a> f\u00fcr Ihren Prozess vergleichen, sorgen unsere technischen Daten daf\u00fcr, dass die Maschine beide Medien mit absoluter Pr\u00e4zision verarbeitet.<\/p>\n<h2>Warum die horizontale Konfiguration w\u00e4hlen?<\/h2>\n<p>Die Wahl eines <strong>In der anspruchsvollen Welt von<\/strong> geht um viel mehr als nur das Layout; es geht darum, Ihren gesamten Produktionsfluss zu optimieren. Wir haben diese Konfiguration so entworfen, dass sie die typischen Engp\u00e4sse in herk\u00f6mmlichen vertikalen Setups l\u00f6st, with focus on Geschwindigkeit, Sicherheit und Musterperfektion.<\/p>\n<h3>Ergonomie und nahtlose Formeinsatz<\/h3>\n<p>Das horizontale Design positioniert die Klemmeinheit in einer bequemen, erreichbaren H\u00f6he. Das macht <strong>Formeinsatz<\/strong> schneller und deutlich sicherer f\u00fcr Ihr Team. Anstatt schwere Stanzen in enge vertikale R\u00e4ume zu heben, erm\u00f6glicht die Seitenlade-Natur unserer Maschine schnelle Aust\u00e4usche und einfache Wartung. Wenn Sie <a href=\"https:\/\/vastpe.com\/de\/make-a-mold-for-wax-casting\/\">eine Form f\u00fcr Wachsverguss herstellen<\/a>, sorgt die horizontale Ausrichtung daf\u00fcr, dass die Klemmkraft perfekt ausbalanciert ist und sch\u00fctzt Ihre teuren Werkzeuge vor ungleichm\u00e4\u00dfiger Abnutzung.<\/p>\n<h3>F\u00fcr volle Automatisierung ausgelegt<\/h3>\n<p>Wenn Sie skalieren m\u00f6chten, ist das horizontale Layout der Industriestandard f\u00fcr intelligente Gie\u00dfereien. Unsere Maschinen sind so konzipiert, dass sie eine einfache <a href=\"https:\/\/vastpe.com\/de\/application\/robot-integrator-application\/\">Robotik-Integratoren-Anwendungen<\/a>, wodurch Roboterarme Muster extrahieren, Formen reinigen und Schmierstoffe spr\u00fchen k\u00f6nnen, ohne mechanische Beeintr\u00e4chtigungen. Dieser \u00dcbergang zu einer vollst\u00e4ndig automatisierten Produktionslinie minimiert menschliche Fehler und stellt sicher, dass jeder Zyklus identisch ist.<\/p>\n<h3>\u00dcberlegene Luftentl\u00fcftung und Musterintegrit\u00e4t<\/h3>\n<p>Einer der gr\u00f6\u00dften technischen Vorteile des horizontalen Aufbaus ist, wie er mit Wachs-Physik umgeht. Durch horizontales Injizieren erreichen wir <strong>\u00fcberlegene Luftentl\u00fcftung<\/strong> und deutlich <strong>reduzierte Turbulenzen<\/strong> w\u00e4hrend des F\u00fcllvorgangs. Dies f\u00fchrt zu dichteren Wachsmustern mit nahezu keinen inneren Hohlr\u00e4umen oder Oberfl\u00e4chenblasen.<\/p>\n<table>\n<thead>\n<tr>\n<th style=\"text-align: left;\">Vorteil<\/th>\n<th style=\"text-align: left;\">Auswirkung auf die Produktion<\/th>\n<\/tr>\n<\/thead>\n<tbody>\n<tr>\n<td style=\"text-align: left;\"><strong>Seitenlade-Design<\/strong><\/td>\n<td style=\"text-align: left;\">Schnellere Formenwechsel und verringerte Bedienerm\u00fcdung<\/td>\n<\/tr>\n<tr>\n<td style=\"text-align: left;\"><strong>Robotik-Kompatibilit\u00e4t<\/strong><\/td>\n<td style=\"text-align: left;\">Erm\u00f6glicht rund-um-die-Uhr unbemannte Produktionszyklen<\/td>\n<\/tr>\n<tr>\n<td style=\"text-align: left;\"><strong>Lineare Wachsfluss<\/strong><\/td>\n<td style=\"text-align: left;\">Minimiert Eindringen von Luft und Oberfl\u00e4chenfehlern<\/td>\n<\/tr>\n<tr>\n<td style=\"text-align: left;\"><strong>Stabile Spanngriffe<\/strong><\/td>\n<td style=\"text-align: left;\">Verl\u00e4ngert die Lebensdauer von Pr\u00e4zisions-Einbettgusssformen<\/td>\n<\/tr>\n<\/tbody>\n<\/table>\n<p>Diese Konfiguration sorgt daf\u00fcr, dass selbst die komplexesten Geometrien mit hohem Druck stabil gef\u00fcllt werden, wodurch eine Erst-genau-das-Ergebnis-Ausbeute erzielt wird, die Ihre Ausschussraten niedrig h\u00e4lt und Ihre Margen hoch.<\/p>\n<h2>Industrielle Anwendungen der Horizontalen Intelligenten Wachs-Injektionsmaschine<\/h2>\n<p>Unsere <strong>In der anspruchsvollen Welt von<\/strong> ist eine vielseitige Kraftquelle, die darauf ausgelegt ist, den strengen Anforderungen hochpr\u00e4ziser Branchen gerecht zu werden. Durch die Bereitstellung konstanter Druck- und Temperaturkontrolle sorgt dies <strong>Investitionsgie\u00dfanlagen-Equipment<\/strong> gew\u00e4hrleistet, dass selbst die komplexesten Geometrien ohne Defekte produziert werden. Wir fokussieren uns darauf, Ger\u00e4te bereitzustellen, die die schwere Arbeit in Manufacturing-Umgebungen mit hohem Risiko \u00fcbernehmen.<\/p>\n<h3>Luft- und Raumfahrt sowie Verteidigung<\/h3>\n<p>Im Luft- und Raumfahrtsektor ist Pr\u00e4zision eine Frage der Sicherheit. Wir bieten L\u00f6sungen zur Erstellung von Mustern f\u00fcr <a href=\"https:\/\/vastpe.com\/de\/lost-wax-casting-turbine-blades\/\">verlorenen Wachs-Turbinen-Schaufeln<\/a> und kritische Triebwerk-Komponenten. Die <strong>is designed to solve these exact pain points, bringing a new level of sophistication to the<\/strong> Konfiguration erm\u00f6glicht eine \u00fcberlegene Entl\u00fcftung, was f\u00fcr die strukturelle Integrit\u00e4t dieser Hochleistungsbauteile essenziell ist.<\/p>\n<h3>Automobiltechnik<\/h3>\n<p>Die Automobilindustrie ist auf uns angewiesen <strong>vollautomatisches Wachs-Presssystem<\/strong> f\u00fcr die Massenproduktion von:<\/p>\n<ul>\n<li>Verschlungenen Motorensammelpunkten.<\/li>\n<li>Turbo-Lader Geh\u00e4use.<\/li>\n<li>Kraftstoffsystem-Komponenten.<\/li>\n<li>Getriebe-Komponenten mit komplexen internen Kan\u00e4len.<\/li>\n<\/ul>\n<h3>Medizinische Implantate und Werkzeuge<\/h3>\n<p>Unsere <strong>Pr\u00e4zisions-Wachsinjektionsersatz<\/strong> ist die bevorzugte Wahl f\u00fcr die Herstellung von orthop\u00e4dischen Implantaten und chirurgischen Instrumenten. Diese Teile erfordern au\u00dfergew\u00f6hnlich glatte Oberfl\u00e4chenfinishs und genaue Abmessungen, um medizinischen Standards zu entsprechen. Unser <strong>The move toward a<\/strong> stellt sicher, dass jedes Muster eine perfekte Replik ist und Nachbearbeitungsarbeiten nach dem Gie\u00dfen reduziert.<\/p>\n<h3>Hochvolumige Industrielle Hardware<\/h3>\n<p>F\u00fcr massenhaft hergestellte Verbindungen, Ventile und Industriehardware sorgt unser <a href=\"https:\/\/vastpe.com\/de\/product\/industrial-wax-equipment-for-investment-casting-vastpce\/\">industrielle Wachsger\u00e4te f\u00fcr Gussproduktion<\/a> f\u00fcr die Zuverl\u00e4ssigkeit, die 24\/7-Betrieb ben\u00f6tigt. Das <strong>through advanced engineering and digital control.<\/strong> minimiert manuelle Arbeit bei gleichzeitiger Maximierung der Ausbeute und ist damit die kosteneffizienteste L\u00f6sung f\u00fcr gro\u00df angelegte Gie\u00dfereiarbeitsabl\u00e4ufe.<\/p>\n<h2>Der Vastpce-Vorteil: Qualit\u00e4t und Unterst\u00fctzung<\/h2>\n<p>Wir fertigen Hardware nicht nur; wir bieten vollst\u00e4ndige Investment-Gussl\u00f6sungen. Unser <strong>In der anspruchsvollen Welt von<\/strong> basiert auf einer Grundlage aus Zuverl\u00e4ssigkeit und Pr\u00e4zision. Wir erkennen an, dass jede Gie\u00dferei einzigartige Bed\u00fcrfnisse hat, daher bieten wir umfangreiche <strong>Anpassungsoptionen<\/strong> um Ihre spezifischen Formenanforderungen und Produktionsvolumen zu matched.<\/p>\n<p>Qualit\u00e4t ist nicht verhandelbar. Jedes <a href=\"https:\/\/vastpe.com\/de\/product\/automatic-wax-machine-for-precision-investment-casting-vastpce\/\">Automatik-Wachsmaschine f\u00fcr Pr\u00e4zisions-Investitionsguss<\/a> unterzieht sich strengen Fabriktests und erf\u00fcllt strenge <strong>ISO-Zertifizierungs<\/strong> Standards, bevor es Ihre Anlage erreicht. Dies stellt sicher, dass Ihre Investment-Gussausr\u00fcstung vom ersten Tag an H\u00f6chstleistungen erbringt.<\/p>\n<p>Unser Engagement geht weit \u00fcber den ersten Verkauf hinaus. Wir bieten:<\/p>\n<ul>\n<li><strong>Globaler After-Sales-Service:<\/strong> Schnelle Reaktionsteams, um Ausfallzeiten zu minimieren und Ihre Produktionslinie am Laufen zu halten.<\/li>\n<li><strong>Technische Schulung:<\/strong> Praktische Anleitung, damit Ihr Team die <strong>The move toward a<\/strong> Benutzeroberfl\u00e4che und Wartungsprotokolle beherrscht.<\/li>\n<li><strong>Expertenunterst\u00fctzung:<\/strong> Zugang zu unserem <a href=\"https:\/\/vastpe.com\/de\/support\/global-service\/\">globalen Servicenetzwerk<\/a> f\u00fcr lokale technische Unterst\u00fctzung und Fehlerbehebung.<\/li>\n<\/ul>\n<p>Die Wahl von Vastpce bedeutet, mit einem Hersteller zusammenzuarbeiten, der Ihren langfristigen Erfolg im Lost-Wax-Verfahren priorisiert. Wir stehen hinter jeder Maschine, die wir bauen, und stellen sicher, dass Ihr Betrieb effizient, profitabel bleibt und der Konkurrenz einen Schritt voraus ist.<\/p>\n<h2>H\u00e4ufig gestellte Fragen zur horizontalen intelligenten Wachs-Injektionsmaschine<\/h2>\n<h3>Was ist der Unterschied zwischen manuellen und intelligenten Wachsinjektoren?<\/h3>\n<p>Manuelle Injektoren verlassen sich stark auf das K\u00f6nnen des Bedieners, was oft zu Variationen in Musterdichte und Abmessungen f\u00fchrt. Im Gegensatz dazu <strong>intelligente Wachsinjektionsmaschine<\/strong> verwendet ein PLC-Steuerungssystem, um jede Variable zu automatisieren, von Druck bis Durchflussrate. Dadurch wird das <strong><a href=\"https:\/\/vastpe.com\/de\/wax-injection-process\/\">Wachseinspritzprozess<\/a><\/strong> wiederholbar perfekt, was die Ausschussraten und Arbeitskosten im Vergleich zu herk\u00f6mmlichen manuellen Setups deutlich reduziert.<\/p>\n<h3>Wie verbessert horizontale Injektion die Musterqualit\u00e4t?<\/h3>\n<p>Die horizontale Konfiguration bietet eine bessere Formstabilit\u00e4t und erm\u00f6glicht eine effizientere Entl\u00fcftung w\u00e4hrend des Zyklus. Durch die horizontale Wachs-Injektion reduziert die Maschine Turbulenzen in der Formhoh\u2011ley. Dies f\u00fchrt zu hochdichte Mustern mit au\u00dfergew\u00f6hnlichen Oberfl\u00e4chenfinishs, was eine kritische Anforderung f\u00fcr hochpr\u00e4zise <strong>Gie\u00dfprozess<\/strong> Anwendungen wie Luft- und Raumfahrt oder medizinische Implantate.<\/p>\n<h3>Welche Wartung ist f\u00fcr das Hydrauliksystem erforderlich?<\/h3>\n<p>Um Ihre <strong>is designed to solve these exact pain points, bringing a new level of sophistication to the<\/strong> auf Spitzenleistung zu halten, empfehlen wir einen konsistenten Wartungsplan:<\/p>\n<ul>\n<li><strong>\u00d6l- &amp; Filter\u00fcberpr\u00fcfungen:<\/strong> \u00dcberpr\u00fcfen Sie regelm\u00e4\u00dfig den Hydraulik\u00f6lstand und ersetzen Sie Filter, um Kontaminationen zu verhindern.<\/li>\n<li><strong>Dichtungen-Inspektionen:<\/strong> \u00dcberpr\u00fcfen Sie alle Hydraulikzylinder und Verbindungen auf Lecks, um eine gleichbleibende Klemmkraft sicherzustellen.<\/li>\n<li><strong>K\u00fchlsystem:<\/strong> \u00dcberwachen Sie den W\u00e4rme\u00fcbertrager, um \u00d6lverschlechterungen durch \u00dcberhitzung zu verhindern.<\/li>\n<li><strong>Fehlerbehebung:<\/strong> Wenn Sie Druckschwankungen oder Zyklusverz\u00f6gerungen bemerken, kann das Lesen einer Anleitung zu <strong><a href=\"https:\/\/vastpe.com\/de\/wax-injection-troubleshooting\/\">Feinzerkleinerung beim Wachs- Spritzprozess<\/a><\/strong> dazu beitragen, schnell h\u00e4ufige hydraulische Probleme zu identifizieren und zu beheben.<\/li>\n<\/ul>\n<h3>Kann diese Maschine verschiedene Wachstypen verarbeiten?<\/h3>\n<p>Ja, unsere <strong>vollautomatisches Wachs-Presssystem<\/strong> ist mit zweistufiger Heizung und pr\u00e4ziser Temperaturf\u00fchrung konzipiert. Dadurch kann sie verschiedene Wachsformeln verarbeiten, von standardm\u00e4\u00dfigen Industrie-Wachsen bis hin zu spezialisierten Hochtemperatur-Harzen, ohne Verstopfungen oder thermische Degradation. Eine ordnungsgem\u00e4\u00dfe Temperaturregelung ist entscheidend, um die Flie\u00dfcharakteristika zu erhalten, die f\u00fcr komplexe Formen erforderlich sind.<\/p>","protected":false},"excerpt":{"rendered":"<p>Horizontale Intelligente Wachs-Injektionsmaschine f\u00fcr Pr\u00e4zisions-Investitionsguss mit PLC-Steuerung, Hochdruck, stabile Leistung und energiesparendem Betrieb<\/p>","protected":false},"featured_media":1129,"comment_status":"open","ping_status":"closed","template":"","meta":{"site-sidebar-layout":"default","site-content-layout":"","ast-site-content-layout":"default","site-content-style":"default","site-sidebar-style":"default","ast-global-header-display":"","ast-banner-title-visibility":"","ast-main-header-display":"","ast-hfb-above-header-display":"","ast-hfb-below-header-display":"","ast-hfb-mobile-header-display":"","site-post-title":"","ast-breadcrumbs-content":"","ast-featured-img":"","footer-sml-layout":"","ast-disable-related-posts":"","theme-transparent-header-meta":"default","adv-header-id-meta":"","stick-header-meta":"","header-above-stick-meta":"","header-main-stick-meta":"","header-below-stick-meta":"","astra-migrate-meta-layouts":"set","ast-page-background-enabled":"default","ast-page-background-meta":{"desktop":{"background-color":"var(--ast-global-color-5)","background-image":"","background-repeat":"repeat","background-position":"center center","background-size":"auto","background-attachment":"scroll","background-type":"","background-media":"","overlay-type":"","overlay-color":"","overlay-opacity":"","overlay-gradient":""},"tablet":{"background-color":"","background-image":"","background-repeat":"repeat","background-position":"center center","background-size":"auto","background-attachment":"scroll","background-type":"","background-media":"","overlay-type":"","overlay-color":"","overlay-opacity":"","overlay-gradient":""},"mobile":{"background-color":"","background-image":"","background-repeat":"repeat","background-position":"center center","background-size":"auto","background-attachment":"scroll","background-type":"","background-media":"","overlay-type":"","overlay-color":"","overlay-opacity":"","overlay-gradient":""}},"ast-content-background-meta":{"desktop":{"background-color":"var(--ast-global-color-4)","background-image":"","background-repeat":"repeat","background-position":"center center","background-size":"auto","background-attachment":"scroll","background-type":"","background-media":"","overlay-type":"","overlay-color":"","overlay-opacity":"","overlay-gradient":""},"tablet":{"background-color":"var(--ast-global-color-4)","background-image":"","background-repeat":"repeat","background-position":"center center","background-size":"auto","background-attachment":"scroll","background-type":"","background-media":"","overlay-type":"","overlay-color":"","overlay-opacity":"","overlay-gradient":""},"mobile":{"background-color":"var(--ast-global-color-4)","background-image":"","background-repeat":"repeat","background-position":"center center","background-size":"auto","background-attachment":"scroll","background-type":"","background-media":"","overlay-type":"","overlay-color":"","overlay-opacity":"","overlay-gradient":""}}},"product_brand":[],"product_cat":[18],"product_tag":[],"class_list":{"0":"post-1128","1":"product","2":"type-product","3":"status-publish","4":"has-post-thumbnail","6":"product_cat-wax-injection-machine","7":"desktop-align-left","8":"tablet-align-left","9":"mobile-align-left","11":"first","12":"instock","13":"shipping-taxable","14":"purchasable","15":"product-type-simple"},"_links":{"self":[{"href":"https:\/\/vastpe.com\/de\/wp-json\/wp\/v2\/product\/1128","targetHints":{"allow":["GET"]}}],"collection":[{"href":"https:\/\/vastpe.com\/de\/wp-json\/wp\/v2\/product"}],"about":[{"href":"https:\/\/vastpe.com\/de\/wp-json\/wp\/v2\/types\/product"}],"replies":[{"embeddable":true,"href":"https:\/\/vastpe.com\/de\/wp-json\/wp\/v2\/comments?post=1128"}],"wp:featuredmedia":[{"embeddable":true,"href":"https:\/\/vastpe.com\/de\/wp-json\/wp\/v2\/media\/1129"}],"wp:attachment":[{"href":"https:\/\/vastpe.com\/de\/wp-json\/wp\/v2\/media?parent=1128"}],"wp:term":[{"taxonomy":"product_brand","embeddable":true,"href":"https:\/\/vastpe.com\/de\/wp-json\/wp\/v2\/product_brand?post=1128"},{"taxonomy":"product_cat","embeddable":true,"href":"https:\/\/vastpe.com\/de\/wp-json\/wp\/v2\/product_cat?post=1128"},{"taxonomy":"product_tag","embeddable":true,"href":"https:\/\/vastpe.com\/de\/wp-json\/wp\/v2\/product_tag?post=1128"}],"curies":[{"name":"wp","href":"https:\/\/api.w.org\/{rel}","templated":true}]}}